{"id":3301,"date":"2024-10-14T12:30:49","date_gmt":"2024-10-14T11:30:49","guid":{"rendered":"https:\/\/www.internetum.com\/datenschutzbestimmungen\/"},"modified":"2025-02-28T11:08:15","modified_gmt":"2025-02-28T11:08:15","slug":"datenschutzbestimmungen","status":"publish","type":"page","link":"https:\/\/www.internetum.com\/de\/datenschutzbestimmungen\/","title":{"rendered":"Datenschutzbestimmungen"},"content":{"rendered":"<h2>EINF\u00dcHRUNG<\/h2>\n<p>Internetum ist eine Marke von Globster Limited, einem Unternehmen (im Folgenden als &#8222;wir&#8220;, &#8222;uns&#8220; oder &#8222;unser&#8220; bezeichnet). Wir verpflichten uns, Ihre pers\u00f6nlichen Daten zu sch\u00fctzen und ihre Sicherheit und Privatsph\u00e4re zu gew\u00e4hrleisten. Diese Datenschutzrichtlinie umrei\u00dft unser Engagement f\u00fcr den Schutz Ihrer pers\u00f6nlichen Daten in allen Globster Limited Operationen, insbesondere in Bezug auf unsere Apps und Dienstleistungen, wie durch unseren Standardvertrag (<a href=\"https:\/\/www.internetum.com\/de\/datenschutzbestimmungen\/\">https:\/\/www.internetum.com\/de\/datenschutzbestimmungen\/<\/a>), die diese Richtlinie erg\u00e4nzt geregelt. Diese Richtlinie gilt universell f\u00fcr alle unsere digitalen Produkte, einschlie\u00dflich unserer Website, unabh\u00e4ngig von spezifischen Funktionen oder Zugangsplattformen, um eine konsistente und rechtskonforme Erfahrung f\u00fcr alle Benutzer zu gew\u00e4hrleisten.<\/p>\n<p>Dieses Dokument wurde erstellt, um unserer rechtlichen Verpflichtung nachzukommen, Sie zu informieren. Sie m\u00fcssen diese Datenschutzrichtlinie als Bedingung f\u00fcr die Nutzung unserer Dienste lesen und akzeptieren, da sie f\u00fcr Ihr Verst\u00e4ndnis und Ihre Zustimmung unerl\u00e4sslich ist, bevor Sie unsere Apps oder Dienste nutzen. Auf diese Richtlinie wird immer dann verwiesen, wenn wir Ihre Informationen oder Ihre Zustimmung einholen m\u00fcssen, sowie in unserer laufenden Kommunikation.<\/p>\n<p>Wir empfehlen Ihnen, dieses Dokument gr\u00fcndlich zu lesen, um den Umfang, die Zwecke und die Bedingungen zu verstehen, unter denen wir Ihre personenbezogenen Daten verarbeiten. Die Rechtsgrundlage f\u00fcr die Verarbeitung Ihrer personenbezogenen Daten kann die Erf\u00fcllung vertraglicher Verpflichtungen oder die Einhaltung gesetzlicher Vorschriften sein, und zwar in \u00dcbereinstimmung mit der Allgemeinen Datenschutzverordnung (&#8222;DSGVO&#8220;) oder der Verordnung (EU) 2016\/679 des Europ\u00e4ischen Parlaments und des Rates vom 27. April 2016 zum Schutz nat\u00fcrlicher Personen bei der Verarbeitung personenbezogener Daten und zum freien Datenverkehr, mit der auch die Richtlinie 95\/46\/EG aufgehoben wird.<\/p>\n<h2>DATENVERANTWORTLICHER<\/h2>\n<p>Der Schutz Ihrer Privatsph\u00e4re ist ein Grundprinzip von Globster Limited. Bitte beachten Sie jedoch, dass wir bei der Nutzung unserer Apps oder Dienste in der Regel als Datenverarbeiter (mit begrenztem Zugriff auf Ihre Daten) und nicht als Datenverantwortlicher handeln. Globster Limited agiert beispielsweise als f\u00fcr die Datenverarbeitung Verantwortlicher, wenn Sie sich f\u00fcr unseren Newsletter anmelden oder ein Konto in unseren Apps erstellen. Wenn unsere Apps in Plattformen von Drittanbietern integriert sind oder diese erweitern, kann Globster Limited als Datenverarbeiter fungieren und Daten ausschlie\u00dflich im Auftrag des Plattforminhabers verarbeiten. In den meisten F\u00e4llen wird die Datenverarbeitung jedoch von Microsoft Azure verwaltet, wobei Globster Limited Teill\u00f6sungen f\u00fcr die Verarbeitung der Daten innerhalb der Microsoft Azure-Plattform bereitstellt.<\/p>\n<p>Wenn wir in den unten aufgef\u00fchrten F\u00e4llen oder Prozessen als f\u00fcr die Datenverarbeitung Verantwortlicher auftreten, sind wir sowohl f\u00fcr die Zwecke als auch f\u00fcr die Mittel der Verarbeitung Ihrer personenbezogenen Daten verantwortlich und halten uns dabei strikt an die hohen Datenschutzstandards, die in dieser Datenschutzrichtlinie dargelegt sind.<\/p>\n<p>Wenn Sie Fragen haben oder Ihre Rechte in Bezug auf den Datenschutz wahrnehmen m\u00f6chten, wenden Sie sich bitte an unser Datenschutzteam:<\/p>\n<p><strong>Email<\/strong>: <a>info@internetum.com<\/a><\/p>\n<h2>KATEGORIEN, ZWECKE UND RECHTSGRUNDLAGE DER DATENVERARBEITUNG<\/h2>\n<p>Um Ihnen ein nahtloses Erlebnis mit den Apps und Diensten von Globster Limited zu bieten, erfassen wir in erster Linie personenbezogene Daten durch Ihre Interaktionen, wie z. B. die Registrierung oder Nutzung von Funktionen innerhalb unserer Apps oder Dienste. Dazu geh\u00f6ren Aktionen wie die Erstellung eines Kontos, die Nutzung von Funktionen oder die Entscheidung, mit uns zu kommunizieren oder unseren Newsletter zu abonnieren. Automatisierte Entscheidungsprozesse werden bei der Verwendung Ihrer Daten nicht eingesetzt.<\/p>\n<p>Ihre Daten k\u00f6nnen direkt \u00fcber unsere Apps oder Dienste oder in einigen F\u00e4llen \u00fcber Integrationen von Drittanbietern erfasst werden. Das Ausma\u00df Ihrer Interaktion mit unseren Angeboten bestimmt die Anwendbarkeit dieser Datenschutzrichtlinie auf Ihre Daten.<\/p>\n<p>Wenn Sie unsere Apps oder Dienste nutzen oder mit ihnen interagieren, ohne ein Konto zu erstellen, verarbeiten wir nur die personenbezogenen Daten, die Sie freiwillig angeben. Dazu k\u00f6nnen grundlegende Informationen wie Ihr Name und Ihre Kontaktdaten (E-Mail, Telefon) oder detailliertere Angaben wie Ihr Unternehmen, Ihre Position, Ihre Gesch\u00e4ftsinteressen und Ihre Pr\u00e4ferenzen geh\u00f6ren, je nach den spezifischen Apps und Diensten, die Sie nutzen. Auf diese Weise k\u00f6nnen wir auf der Grundlage Ihrer Daten und unserer Analysen ma\u00dfgeschneiderte Vorschl\u00e4ge und Marketingma\u00dfnahmen anbieten.<\/p>\n<p>F\u00fcr Nutzer, die \u00fcber verschiedene Ger\u00e4te auf unsere Apps und Dienste zugreifen, k\u00f6nnen wir technische und Nutzungsdaten verarbeiten, um eine optimale Funktionalit\u00e4t zu gew\u00e4hrleisten. Dazu geh\u00f6ren Ger\u00e4tedetails, IP-Adressen und Sitzungsstatistiken, die alle darauf abzielen, ein reibungsloses und zuverl\u00e4ssiges Erlebnis zu bieten.<\/p>\n<p>Die Rechtsgrundlage f\u00fcr die Verarbeitung Ihrer Daten sind die Vertragserf\u00fcllung, die Einhaltung von Gesetzen und unser berechtigtes Interesse am Qualit\u00e4tsmanagement und an der Analyse von Dienstleistungen gem\u00e4\u00df Artikel 6 Absatz 1 Buchstaben b, c und f der DSGVO. Die Angabe Ihrer Daten ist freiwillig, aber f\u00fcr den Zugang zu unseren Diensten und Funktionalit\u00e4ten unerl\u00e4sslich.<\/p>\n<p>Bei Apps und Diensten, die eine Registrierung erfordern, k\u00f6nnen zus\u00e4tzliche Daten wie E-Mail-Adressen oder Anmeldeinformationen f\u00fcr soziale Medien f\u00fcr die Erstellung eines Kontos und den Zugriff erforderlich sein. Diese Daten werden gespeichert, um vertragliche Verpflichtungen zu erf\u00fcllen und die Sicherheit des Kontos zu gew\u00e4hrleisten.<\/p>\n<p>Wenn Sie sich f\u00fcr unseren Newsletter anmelden, verarbeiten wir Ihre Kontaktdaten auf der Grundlage unseres berechtigten Interesses an Direktmarketing und Markenwerbung (Artikel 6 Absatz 1 Buchstabe f DSGVO). Diese Datenverarbeitung ist freiwillig, aber f\u00fcr die Zustellung des Newsletters erforderlich und wird beibehalten, bis Sie sich abmelden.<\/p>\n<p>Bei Anfragen und Mitteilungen an uns (\u00fcber Kontaktformulare oder per E-Mail) werden die von Ihnen angegebenen personenbezogenen Daten (z. B. Name, E-Mail, Organisation, Position) unter der Voraussetzung Ihrer Einwilligung oder unseres berechtigten Interesses an einer zeitnahen Beantwortung verarbeitet (Artikel 6 Absatz 1 Buchstaben a und f DSGVO). Diese Daten werden so lange aufbewahrt, wie es f\u00fcr die L\u00f6sung des Problems erforderlich ist oder bis die gesetzlichen Anspruchsfristen ablaufen.<\/p>\n<h2>BEAUFTRAGUNG MIT DER VERARBEITUNG, GEMEINSAMEN NUTZUNG ODER WEITERGABE VON DATEN<\/h2>\n<p>Um die optimale Funktionalit\u00e4t unserer Apps und Dienste zu gew\u00e4hrleisten, kann es erforderlich sein, dass wir Ihre personenbezogenen Daten unseren Partnern anvertrauen. Dazu geh\u00f6ren Anbieter von IT-Systemen, Cloud-Hosting-Anbieter und Betreiber von E-Mail-Diensten. Diese Kooperationen unterliegen strengen Datenverarbeitungsvertr\u00e4gen, die den Umgang mit Ihren Daten ausschlie\u00dflich nach unseren Weisungen regeln.<\/p>\n<p>In bestimmten F\u00e4llen k\u00f6nnen wir Ihre personenbezogenen Daten an unabh\u00e4ngige Datenkontrolleure, wie z. B. Justiz- oder Aufsichtsbeh\u00f6rden, weitergeben, um gesetzlichen Verpflichtungen nachzukommen oder unsere Interessen zu sch\u00fctzen.<\/p>\n<p>Die Art Ihrer Interaktionen bestimmt die Kategorien von Dritten, an die Ihre Daten weitergegeben werden k\u00f6nnen:<\/p>\n<ul data-spread=\"false\">\n<li><strong>Allgemeine Nutzung von Apps und Diensten:<\/strong> IT-Infrastrukturanbieter, Technologielieferanten, E-Mail-Verwalter, Hosting-Unternehmen und alle Parteien, denen Sie zustimmen, Marketinginformationen zu teilen.<\/li>\n<li><strong>Kauf von Abonnements, Einrichtung von Konten oder Bereitstellung von Dienstleistungen:<\/strong> Zahlungsabwickler, digitale Marktpl\u00e4tze, Unterauftragnehmer und IT-\/Technologie-Dienstleister.<\/li>\n<li><strong>Verbreitung von Newslettern:<\/strong> Anbieter von IT-Systemen und E-Mail-Dienstplattformen.<\/li>\n<li><strong>Direkte Kontaktanfragen:<\/strong> Kommunikation mit E-Mail- oder Postzustellern, Kurierdiensten, IT-Support-Anbietern und unserem Beratungsteam, einschlie\u00dflich Rechtsbeistand, soweit erforderlich.<\/li>\n<\/ul>\n<p>Dar\u00fcber hinaus k\u00f6nnen wir Ihre Daten f\u00fcr Gesch\u00e4ftseinblicke oder statistische Analysen im Zusammenhang mit der Funktionalit\u00e4t unserer App anonymisieren.<\/p>\n<p>Bei internationalen Daten\u00fcbertragungen au\u00dferhalb des Europ\u00e4ischen Wirtschaftsraums (EWR) halten wir uns an Schutzma\u00dfnahmen wie Standardvertragsklauseln, die von der Europ\u00e4ischen Kommission genehmigt wurden. Diese Ma\u00dfnahmen gew\u00e4hrleisten einen Datenschutz, der den europ\u00e4ischen Standards entspricht, und nutzen vertrauensw\u00fcrdige Dienstanbieter wie Microsoft Azure f\u00fcr die sichere Speicherung und Verwaltung.<\/p>\n<h2>DIE SICHERUNG IHRER DATEN<\/h2>\n<p>Wir bei Globster Limited verpflichten uns, die Vertraulichkeit, Integrit\u00e4t und Verf\u00fcgbarkeit Ihrer pers\u00f6nlichen Daten zu sch\u00fctzen. Wir haben robuste Sicherheitsma\u00dfnahmen implementiert, sowohl organisatorisch als auch technisch, um den h\u00f6chsten Standards und gesetzlichen Anforderungen gerecht zu werden. Dazu geh\u00f6ren die Verschl\u00fcsselung von Daten bei der \u00dcbertragung und im Ruhezustand, die Durchf\u00fchrung regelm\u00e4\u00dfiger Sicherheitspr\u00fcfungen und die Durchsetzung strenger Zugangskontrollen.<\/p>\n<p>Die Zahlungsinformationen werden \u00fcber unabh\u00e4ngige Marktpl\u00e4tze verarbeitet, so dass wir keinen direkten Zugriff auf Ihre Zahlungsdaten haben.<\/p>\n<p>Unsere Apps und Dienste k\u00f6nnen Links zu externen Websites oder Anwendungen enthalten. Wir sind nicht verantwortlich f\u00fcr deren Inhalte oder Datenverarbeitungspraktiken. Wir empfehlen Ihnen, deren Datenschutzrichtlinien zu lesen, bevor Sie pers\u00f6nliche Informationen weitergeben.<\/p>\n<h2>IHRE DATENSCHUTZRECHTE<\/h2>\n<p>Als Nutzer von Globster Limited haben Sie bestimmte Rechte in Bezug auf Ihre pers\u00f6nlichen Daten, einschlie\u00dflich:<\/p>\n<ul data-spread=\"false\">\n<li>Zugang zu Ihren Daten und Erhalt einer Kopie, vorbehaltlich der gesetzlichen Ausnahmen.<\/li>\n<li>Berichtigung veralteter oder falscher Daten.<\/li>\n<li>Antrag auf L\u00f6schung oder Einschr\u00e4nkung der Datenverarbeitung, es sei denn, wir sind gesetzlich zur Aufbewahrung der Daten verpflichtet.<\/li>\n<li>Erhalt Ihrer Daten in einem strukturierten, allgemein verwendeten und maschinenlesbaren Format (Datenportabilit\u00e4t).<\/li>\n<li>R\u00fccknahme der Einwilligung ohne Beeintr\u00e4chtigung der vorherigen rechtm\u00e4\u00dfigen Verarbeitung.<\/li>\n<\/ul>\n<p>Um Ihre Rechte auszu\u00fcben oder Ihre Zustimmung zu widerrufen, wenden Sie sich bitte an uns:<\/p>\n<p><strong>Email<\/strong>: <a>info@internetum.com<\/a><\/p>\n<h2>COOKIE-NUTZUNG<\/h2>\n<p>Unsere Website verwendet Cookies, um eine reibungslose Funktionalit\u00e4t zu gew\u00e4hrleisten. Diese kleinen Datenpakete, die entsprechend den Einstellungen Ihres Browsers gespeichert werden, k\u00f6nnen Aktivit\u00e4ten wie Sitzungs-ID, IP-Adresse und Browsing-Verhalten verfolgen.<\/p>\n<p>Cookies von Drittanbietern k\u00f6nnen auch f\u00fcr analytische, statistische, Marketing- und Social-Media-Zwecke verwendet werden, einschlie\u00dflich Diensten wie Google Analytics. Sie k\u00f6nnen die Cookie-Einstellungen in Ihrem Browser anpassen; eine Nichtanpassung gilt als Zustimmung.<\/p>\n<h2>POLITIK-AKTUALISIERUNGEN<\/h2>\n<p>Wir behalten uns das Recht vor, diese Datenschutzrichtlinie jederzeit zu \u00e4ndern. Aktualisierungen werden auf unserer Website, auf Marktpl\u00e4tzen, auf denen unsere Apps gehostet werden, und durch registrierte E-Mails oder In-App-Benachrichtigungen bekannt gegeben.<\/p>\n<p>Diese Datenschutzrichtlinie ist ab dem 16. Dezember 2024 g\u00fcltig.<\/p>\n<h2>QUESTIONEN? KONTAKT ERHALTEN<\/h2>\n<p><strong>Globster Limited<\/strong><\/p>\n<p>Adresse:<\/p>\n<p>124 City Road,<br \/>\nLondon, EC1V 2NX<\/p>\n<p><a class=\"text-gray-200 transition-colors duration-700 hover:text-green\" href=\"tel:+44 7738 682191\">+44 7738 682191<\/a><\/p>\n<p><a>info@internetum.com<\/a><\/p>\n<p>&nbsp;<\/p>\n","protected":false},"excerpt":{"rendered":"<p>EINF\u00dcHRUNG Internetum ist eine Marke von Globster Limited, einem Unternehmen (im Folgenden als &#8222;wir&#8220;, &#8222;uns&#8220; oder &#8222;unser&#8220; bezeichnet). Wir verpflichten uns, Ihre pers\u00f6nlichen Daten zu sch\u00fctzen und ihre Sicherheit und Privatsph\u00e4re zu gew\u00e4hrleisten. Diese Datenschutzrichtlinie umrei\u00dft unser Engagement f\u00fcr den Schutz Ihrer pers\u00f6nlichen Daten in allen Globster Limited Operationen, insbesondere in Bezug auf unsere Apps [&hellip;]<\/p>\n","protected":false},"author":1,"featured_media":0,"parent":0,"menu_order":0,"comment_status":"closed","ping_status":"open","template":"","meta":{"_acf_changed":false,"inline_featured_image":false,"footnotes":""},"class_list":["post-3301","page","type-page","status-publish","hentry"],"acf":[],"yoast_head":"<!-- This site is optimized with the Yoast SEO Premium plugin v26.5 (Yoast SEO v27.5) - https:\/\/yoast.com\/product\/yoast-seo-premium-wordpress\/ -->\n<title>Datenschutzbestimmungen - Internetum<\/title>\n<meta name=\"robots\" content=\"index, follow, max-snippet:-1, max-image-preview:large, max-video-preview:-1\" \/>\n<link rel=\"canonical\" href=\"https:\/\/www.internetum.com\/de\/datenschutzbestimmungen\/\" \/>\n<meta property=\"og:locale\" content=\"de_DE\" \/>\n<meta property=\"og:type\" content=\"article\" \/>\n<meta property=\"og:title\" content=\"Datenschutzbestimmungen\" \/>\n<meta property=\"og:description\" content=\"EINF\u00dcHRUNG Internetum ist eine Marke von Globster Limited, einem Unternehmen (im Folgenden als &#8222;wir&#8220;, &#8222;uns&#8220; oder &#8222;unser&#8220; bezeichnet). Wir verpflichten uns, Ihre pers\u00f6nlichen Daten zu sch\u00fctzen und ihre Sicherheit und Privatsph\u00e4re zu gew\u00e4hrleisten. Diese Datenschutzrichtlinie umrei\u00dft unser Engagement f\u00fcr den Schutz Ihrer pers\u00f6nlichen Daten in allen Globster Limited Operationen, insbesondere in Bezug auf unsere Apps [&hellip;]\" \/>\n<meta property=\"og:url\" content=\"https:\/\/www.internetum.com\/de\/datenschutzbestimmungen\/\" \/>\n<meta property=\"og:site_name\" content=\"Internetum\" \/>\n<meta property=\"article:publisher\" content=\"https:\/\/www.facebook.com\/internetum\" \/>\n<meta property=\"article:modified_time\" content=\"2025-02-28T11:08:15+00:00\" \/>\n<meta name=\"twitter:card\" content=\"summary_large_image\" \/>\n<meta name=\"twitter:label1\" content=\"Gesch\u00e4tzte Lesezeit\" \/>\n\t<meta name=\"twitter:data1\" content=\"7\u00a0Minuten\" \/>\n<script type=\"application\/ld+json\" class=\"yoast-schema-graph\">{\"@context\":\"https:\\\/\\\/schema.org\",\"@graph\":[{\"@type\":\"WebPage\",\"@id\":\"https:\\\/\\\/www.internetum.com\\\/de\\\/datenschutzbestimmungen\\\/\",\"url\":\"https:\\\/\\\/www.internetum.com\\\/de\\\/datenschutzbestimmungen\\\/\",\"name\":\"Datenschutzbestimmungen - Internetum\",\"isPartOf\":{\"@id\":\"https:\\\/\\\/www.internetum.com\\\/de\\\/#website\"},\"datePublished\":\"2024-10-14T11:30:49+00:00\",\"dateModified\":\"2025-02-28T11:08:15+00:00\",\"breadcrumb\":{\"@id\":\"https:\\\/\\\/www.internetum.com\\\/de\\\/datenschutzbestimmungen\\\/#breadcrumb\"},\"inLanguage\":\"de\",\"potentialAction\":[{\"@type\":\"ReadAction\",\"target\":[\"https:\\\/\\\/www.internetum.com\\\/de\\\/datenschutzbestimmungen\\\/\"]}]},{\"@type\":\"BreadcrumbList\",\"@id\":\"https:\\\/\\\/www.internetum.com\\\/de\\\/datenschutzbestimmungen\\\/#breadcrumb\",\"itemListElement\":[{\"@type\":\"ListItem\",\"position\":1,\"name\":\"Home\",\"item\":\"https:\\\/\\\/www.internetum.com\\\/de\\\/hauptseite\\\/\"},{\"@type\":\"ListItem\",\"position\":2,\"name\":\"Datenschutzbestimmungen\"}]},{\"@type\":\"WebSite\",\"@id\":\"https:\\\/\\\/www.internetum.com\\\/de\\\/#website\",\"url\":\"https:\\\/\\\/www.internetum.com\\\/de\\\/\",\"name\":\"internetum - Innovative Software House\",\"description\":\"Innovative Software House\",\"publisher\":{\"@id\":\"https:\\\/\\\/www.internetum.com\\\/de\\\/#organization\"},\"potentialAction\":[{\"@type\":\"SearchAction\",\"target\":{\"@type\":\"EntryPoint\",\"urlTemplate\":\"https:\\\/\\\/www.internetum.com\\\/de\\\/?s={search_term_string}\"},\"query-input\":{\"@type\":\"PropertyValueSpecification\",\"valueRequired\":true,\"valueName\":\"search_term_string\"}}],\"inLanguage\":\"de\"},{\"@type\":\"Organization\",\"@id\":\"https:\\\/\\\/www.internetum.com\\\/de\\\/#organization\",\"name\":\"internetum\",\"url\":\"https:\\\/\\\/www.internetum.com\\\/de\\\/\",\"logo\":{\"@type\":\"ImageObject\",\"inLanguage\":\"de\",\"@id\":\"https:\\\/\\\/www.internetum.com\\\/de\\\/#\\\/schema\\\/logo\\\/image\\\/\",\"url\":\"https:\\\/\\\/www.internetum.com\\\/wp-content\\\/uploads\\\/2024\\\/11\\\/internetum-logo.svg\",\"contentUrl\":\"https:\\\/\\\/www.internetum.com\\\/wp-content\\\/uploads\\\/2024\\\/11\\\/internetum-logo.svg\",\"width\":172,\"height\":19,\"caption\":\"internetum\"},\"image\":{\"@id\":\"https:\\\/\\\/www.internetum.com\\\/de\\\/#\\\/schema\\\/logo\\\/image\\\/\"},\"sameAs\":[\"https:\\\/\\\/www.facebook.com\\\/internetum\",\"https:\\\/\\\/www.instagram.com\\\/internetum_official\\\/\",\"https:\\\/\\\/pl.linkedin.com\\\/company\\\/internetum-cloudforming\"]}]}<\/script>\n<!-- \/ Yoast SEO Premium plugin. -->","yoast_head_json":{"title":"Datenschutzbestimmungen - Internetum","robots":{"index":"index","follow":"follow","max-snippet":"max-snippet:-1","max-image-preview":"max-image-preview:large","max-video-preview":"max-video-preview:-1"},"canonical":"https:\/\/www.internetum.com\/de\/datenschutzbestimmungen\/","og_locale":"de_DE","og_type":"article","og_title":"Datenschutzbestimmungen","og_description":"EINF\u00dcHRUNG Internetum ist eine Marke von Globster Limited, einem Unternehmen (im Folgenden als &#8222;wir&#8220;, &#8222;uns&#8220; oder &#8222;unser&#8220; bezeichnet). Wir verpflichten uns, Ihre pers\u00f6nlichen Daten zu sch\u00fctzen und ihre Sicherheit und Privatsph\u00e4re zu gew\u00e4hrleisten. Diese Datenschutzrichtlinie umrei\u00dft unser Engagement f\u00fcr den Schutz Ihrer pers\u00f6nlichen Daten in allen Globster Limited Operationen, insbesondere in Bezug auf unsere Apps [&hellip;]","og_url":"https:\/\/www.internetum.com\/de\/datenschutzbestimmungen\/","og_site_name":"Internetum","article_publisher":"https:\/\/www.facebook.com\/internetum","article_modified_time":"2025-02-28T11:08:15+00:00","twitter_card":"summary_large_image","twitter_misc":{"Gesch\u00e4tzte Lesezeit":"7\u00a0Minuten"},"schema":{"@context":"https:\/\/schema.org","@graph":[{"@type":"WebPage","@id":"https:\/\/www.internetum.com\/de\/datenschutzbestimmungen\/","url":"https:\/\/www.internetum.com\/de\/datenschutzbestimmungen\/","name":"Datenschutzbestimmungen - Internetum","isPartOf":{"@id":"https:\/\/www.internetum.com\/de\/#website"},"datePublished":"2024-10-14T11:30:49+00:00","dateModified":"2025-02-28T11:08:15+00:00","breadcrumb":{"@id":"https:\/\/www.internetum.com\/de\/datenschutzbestimmungen\/#breadcrumb"},"inLanguage":"de","potentialAction":[{"@type":"ReadAction","target":["https:\/\/www.internetum.com\/de\/datenschutzbestimmungen\/"]}]},{"@type":"BreadcrumbList","@id":"https:\/\/www.internetum.com\/de\/datenschutzbestimmungen\/#breadcrumb","itemListElement":[{"@type":"ListItem","position":1,"name":"Home","item":"https:\/\/www.internetum.com\/de\/hauptseite\/"},{"@type":"ListItem","position":2,"name":"Datenschutzbestimmungen"}]},{"@type":"WebSite","@id":"https:\/\/www.internetum.com\/de\/#website","url":"https:\/\/www.internetum.com\/de\/","name":"internetum - Innovative Software House","description":"Innovative Software House","publisher":{"@id":"https:\/\/www.internetum.com\/de\/#organization"},"potentialAction":[{"@type":"SearchAction","target":{"@type":"EntryPoint","urlTemplate":"https:\/\/www.internetum.com\/de\/?s={search_term_string}"},"query-input":{"@type":"PropertyValueSpecification","valueRequired":true,"valueName":"search_term_string"}}],"inLanguage":"de"},{"@type":"Organization","@id":"https:\/\/www.internetum.com\/de\/#organization","name":"internetum","url":"https:\/\/www.internetum.com\/de\/","logo":{"@type":"ImageObject","inLanguage":"de","@id":"https:\/\/www.internetum.com\/de\/#\/schema\/logo\/image\/","url":"https:\/\/www.internetum.com\/wp-content\/uploads\/2024\/11\/internetum-logo.svg","contentUrl":"https:\/\/www.internetum.com\/wp-content\/uploads\/2024\/11\/internetum-logo.svg","width":172,"height":19,"caption":"internetum"},"image":{"@id":"https:\/\/www.internetum.com\/de\/#\/schema\/logo\/image\/"},"sameAs":["https:\/\/www.facebook.com\/internetum","https:\/\/www.instagram.com\/internetum_official\/","https:\/\/pl.linkedin.com\/company\/internetum-cloudforming"]}]}},"_links":{"self":[{"href":"https:\/\/www.internetum.com\/de\/wp-json\/wp\/v2\/pages\/3301","targetHints":{"allow":["GET"]}}],"collection":[{"href":"https:\/\/www.internetum.com\/de\/wp-json\/wp\/v2\/pages"}],"about":[{"href":"https:\/\/www.internetum.com\/de\/wp-json\/wp\/v2\/types\/page"}],"author":[{"embeddable":true,"href":"https:\/\/www.internetum.com\/de\/wp-json\/wp\/v2\/users\/1"}],"replies":[{"embeddable":true,"href":"https:\/\/www.internetum.com\/de\/wp-json\/wp\/v2\/comments?post=3301"}],"version-history":[{"count":7,"href":"https:\/\/www.internetum.com\/de\/wp-json\/wp\/v2\/pages\/3301\/revisions"}],"predecessor-version":[{"id":3310,"href":"https:\/\/www.internetum.com\/de\/wp-json\/wp\/v2\/pages\/3301\/revisions\/3310"}],"wp:attachment":[{"href":"https:\/\/www.internetum.com\/de\/wp-json\/wp\/v2\/media?parent=3301"}],"curies":[{"name":"wp","href":"https:\/\/api.w.org\/{rel}","templated":true}]}}